{"id":339,"date":"2024-10-17T16:19:06","date_gmt":"2024-10-17T14:19:06","guid":{"rendered":"https:\/\/sophiewagnerauteure.com\/?page_id=339"},"modified":"2024-11-05T09:37:30","modified_gmt":"2024-11-05T08:37:30","slug":"conditions-generales-de-vente-cgv-de-sophiewagnerauteure-com","status":"publish","type":"page","link":"https:\/\/sophiewagnerauteure.com\/index.php\/conditions-generales-de-vente-cgv-de-sophiewagnerauteure-com\/","title":{"rendered":"Conditions generales de vente (CGV de sophiewagnerauteure.com)"},"content":{"rendered":"\n<p><strong>CONDITONS GENERALES DE VENTE<\/strong><br><strong>CGV de sophiewagnerauteure.com<\/strong><\/p>\n\n\n\n<p>Version en vigueur au 5.11.2024<\/p>\n\n\n\n<p><strong>Application<\/strong><\/p>\n\n\n\n<p>Le pr\u00e9sent site www.sophiewagner.com est soumis au droit fran\u00e7ais et est publi\u00e9, dirig\u00e9 et exploit\u00e9 par l&rsquo;Entrepreneur individuel Siren : 933503443, immatricul\u00e9e au RNE le 03\/10\/2024.<br>Contact mail : sophiewagnerlc@gmail.com<br>ci-apr\u00e8s nomm\u00e9e Sophie Wagner<\/p>\n\n\n\n<p><br>Les pr\u00e9sentes Conditions g\u00e9n\u00e9rales de Vente r\u00e9gissent exclusivement les relations entre www.sophiewagnerauteure.com et tous Clients ou Utilisateurs du site. Tout acc\u00e8s aux Produits et Services propos\u00e9s sur le site est soumis aux pr\u00e9sentes CGV.<br>Cela implique la consultation pr\u00e9alable et l\u2019acceptation des pr\u00e9sentes CGV, accessibles \u00e0 tout moment sur support durable en cliquant sur \u00ab\u2009Imprimer\u2009\u00bb ou \u00ab\u2009Enregistrer en PDF\u2009\u00bb. En cas de refus, il ne sera pas possible d\u2019acc\u00e9der aux Produits et Services du site.<br>Pour acc\u00e9der aux Produits et Services en ligne, l\u2019Utilisateur doit disposer de l\u2019\u00e9quipement ad\u00e9quat et notamment d\u2019une connexion \u00e0 internet haut d\u00e9bit et de tous les \u00e9l\u00e9ments permettant de passer une commande en ligne tels que : ordinateur, application et moyen de paiement.<\/p>\n\n\n\n<p>Toutes les personnes consid\u00e9r\u00e9es comme juridiquement incapables de contracter au sens des articles 1123 et suivants du Code civil, notamment les enfants mineurs non \u00e9mancip\u00e9s, devront obligatoirement obtenir l\u2019autorisation de leur repr\u00e9sentant l\u00e9gal pr\u00e9alablement \u00e0 toute commande. Si un manquement aux \u00e9l\u00e9ments de capacit\u00e9 est observ\u00e9, le Client ou l\u2019Utilisateur se verra retirer les acc\u00e8s au site le temps de la r\u00e9gularisation.<br>Sophie Wagner se r\u00e9serve le droit \u00e0 tout moment d\u2019ajouter ou de supprimer tout ou une partie des Produits vendus ou pr\u00e9sent\u00e9s sur le site et de modifier les conditions g\u00e9n\u00e9rales de vente.<\/p>\n\n\n\n<p><br><strong>Dur\u00e9e<\/strong><br>Les pr\u00e9sentes conditions s\u2019appliquent pendant toute la dur\u00e9e de mise en ligne des Produits et des Services, et jusqu\u2019\u00e0 \u00e9puisement des stocks.<\/p>\n\n\n\n<p><strong>Prix<\/strong><br>Les prix sont indiqu\u00e9s en Euros toutes taxes comprises (TTC) et tiennent compte de la TVA au taux fran\u00e7ais, sauf indication contraire. Toute modification du taux applicable pourra \u00eatre r\u00e9percut\u00e9e sur les prix des Services.<\/p>\n\n\n\n<p>Les prix appliqu\u00e9s sont ceux figurant sur le Site au moment de la commande. Apr\u00e8s cette date, ils sont susceptibles d\u2019\u00eatre modifi\u00e9s \u00e0 tout moment.<\/p>\n\n\n\n<p>Le prix du livre est fix\u00e9 dans le strict respect de la loi Lang 81-766 du 10 ao\u00fbt 1981. Le prix de vente est indiqu\u00e9 en euros toutes taxes comprises, hors participation aux frais de port en France m\u00e9tropolitaine. Les frais de port sont aux prix propos\u00e9s par Sophie Wagner ou par les services La Poste, Collissimo et Mondial Relay.<\/p>\n\n\n\n<p>En cas de commande vers un autre pays que la France m\u00e9tropolitaine, vous \u00eates l\u2019importateur du ou des ouvrage(s) concern\u00e9(s). Vous devez vous informer des frais de douanes et autres taxes susceptibles d\u2019\u00eatre exig\u00e9s \u00e0 la fronti\u00e8re et vous en acquitter.<\/p>\n\n\n\n<p><strong>\u200bROMANS<\/strong><\/p>\n\n\n\n<p><strong>Commandes<\/strong><\/p>\n\n\n\n<p>\u2013 sur mon site internet :\u00a0<\/p>\n\n\n\n<p>Par carte bancaire uniquement.<\/p>\n\n\n\n<p>Disponibilit\u00e9 des articles : Mon site propose des livres \u00e0 para\u00eetre en pr\u00e9commande (prix de ventes d\u00e9termin\u00e9). Ils sont exp\u00e9di\u00e9s d\u00e8s la date de mise en vente.<\/p>\n\n\n\n<p><strong>Echanges, retours, remboursements<\/strong><\/p>\n\n\n\n<p>\u00c9changes : Nous ne proposons pas d&rsquo;\u00e9changes ou de remboursements.<\/p>\n\n\n\n<p>Droit de retour : Le client dispose d\u2019un droit de r\u00e9traction pr\u00e9vu par la Loi L 221-18 du code de la consommation; il peut retourner un livre dans les 14 jours francs ouvr\u00e9s \u00e0 compter de la r\u00e9ception de son colis sous r\u00e9serve que le livre soit accompagn\u00e9 de la facture correspondante. Le clien pourra en faire la demande \u00e0 sophiewagnerlc@gmail.com afin d&rsquo;obtenir l&rsquo;adresse de retour. Les Frais d\u2019exp\u00e9dition envoi et de retour restent \u00e0 la charge du client. Au terme de ce d\u00e9lai de 7 jours, les produits livr\u00e9s seront r\u00e9put\u00e9s conformes \u00e0 la commande de l\u2019acqu\u00e9reur.<\/p>\n\n\n\n<p>Modalit\u00e9s de remboursement : En cas de remboursement, nous garantissons qu\u2019il est effectu\u00e9 par virement sur votre compte dans un d\u00e9lai inf\u00e9rieur \u00e0 30 jours suivant la date de r\u00e9ception du colis retourn\u00e9.<\/p>\n\n\n\n<p>Validation : Quand vous cliquez sur le bouton Validez apr\u00e8s le processus de commande, vous d\u00e9clarez accepter l\u2019int\u00e9gralit\u00e9 des conditions de vente, pleinement et sans r\u00e9serve, et reconnaissez en avoir une parfaite connaissance.<\/p>\n\n\n\n<p>En cas d\u2019indisponibilit\u00e9 du produit, de force majeure, de perturbation ou de gr\u00e8ve totale ou partielle notamment des services postaux et moyens de transport et\/ou communications, inondation, incendie, Sophie Wagner n\u2019engage aucune responsabilit\u00e9 pour tous dommages indirects\u00a0 du fait des pr\u00e9sentes, perte d\u2019exploitation, perte de profit, perte de chance, dommages ou frais.<\/p>\n\n\n\n<p>Les photos sont communiqu\u00e9es \u00e0 titre illustratif. Nous vous invitons \u00e0 vous reporter au descriptif de chaque ouvrage pour en conna\u00eetre les caract\u00e9ristiques pr\u00e9cises. Sophie Wagner n\u2019est responsable que du contenu des pages qu\u2019elle \u00e9dite.<\/p>\n\n\n\n<p>En cas d\u2019erreur manifeste entre les caract\u00e9ristiques de l\u2019ouvrage et sa repr\u00e9sentation et\/ou les conditions de la vente, Sophie Wagner ne saurait voir sa responsabilit\u00e9 engag\u00e9e.<\/p>\n\n\n\n<p>Protection des donn\u00e9es personnelles :\u00a0 Sophie Wagner s\u2019engage \u00e0 prot\u00e9ger les donn\u00e9es qui vous sont personnelles. Celles-ci sont confidentielles.\u00a0Conform\u00e9ment \u00e0 la loi Informatique et Libert\u00e9s du 6 janvier 1978, vous disposez d\u2019un droit d\u2019acc\u00e8s, de rectification et d\u2019opposition aux donn\u00e9es personnelles vous concernant. Il vous suffit d\u2019en faire la demande \u00e9crite par e-mail.<\/p>\n\n\n\n<p>Acceptation du client : Les pr\u00e9sentes conditions g\u00e9n\u00e9rales de vente ainsi que les tarifs sont express\u00e9ment agr\u00e9\u00e9s et accept\u00e9s par le client, qui d\u00e9clare et reconna\u00eet en avoir une parfaite connaissance, et renonce, de ce fait, \u00e0 se pr\u00e9valoir de tout document contradictoire et, notamment, ses propres conditions g\u00e9n\u00e9rales d\u2019achat, l\u2019acte d\u2019achat entra\u00eenant acceptation des pr\u00e9sentes conditions g\u00e9n\u00e9rales de vente.&nbsp;<\/p>\n\n\n\n<p><\/p>\n","protected":false},"excerpt":{"rendered":"<p>CONDITONS GENERALES DE VENTECGV de sophiewagnerauteure.com Version en vigueur au 5.11.2024 Application Le pr\u00e9sent site www.sophiewagner.com est soumis au droit [&hellip;]<\/p>\n","protected":false},"author":1,"featured_media":0,"parent":0,"menu_order":0,"comment_status":"closed","ping_status":"closed","template":"","meta":{"site-sidebar-layout":"default","site-content-layout":"","ast-site-content-layout":"","site-content-style":"default","site-sidebar-style":"default","ast-global-header-display":"","ast-banner-title-visibility":"","ast-main-header-display":"","ast-hfb-above-header-display":"","ast-hfb-below-header-display":"","ast-hfb-mobile-header-display":"","site-post-title":"","ast-breadcrumbs-content":"","ast-featured-img":"","footer-sml-layout":"","theme-transparent-header-meta":"","adv-header-id-meta":"","stick-header-meta":"","header-above-stick-meta":"","header-main-stick-meta":"","header-below-stick-meta":"","astra-migrate-meta-layouts":"default","ast-page-background-enabled":"default","ast-page-background-meta":{"desktop":{"background-color":"var(--ast-global-color-4)","background-image":"","background-repeat":"repeat","background-position":"center center","background-size":"auto","background-attachment":"scroll","background-type":"","background-media":"","overlay-type":"","overlay-color":"","overlay-opacity":"","overlay-gradient":""},"tablet":{"background-color":"","background-image":"","background-repeat":"repeat","background-position":"center center","background-size":"auto","background-attachment":"scroll","background-type":"","background-media":"","overlay-type":"","overlay-color":"","overlay-opacity":"","overlay-gradient":""},"mobile":{"background-color":"","background-image":"","background-repeat":"repeat","background-position":"center center","background-size":"auto","background-attachment":"scroll","background-type":"","background-media":"","overlay-type":"","overlay-color":"","overlay-opacity":"","overlay-gradient":""}},"ast-content-background-meta":{"desktop":{"background-color":"var(--ast-global-color-5)","background-image":"","background-repeat":"repeat","background-position":"center center","background-size":"auto","background-attachment":"scroll","background-type":"","background-media":"","overlay-type":"","overlay-color":"","overlay-opacity":"","overlay-gradient":""},"tablet":{"background-color":"var(--ast-global-color-5)","background-image":"","background-repeat":"repeat","background-position":"center center","background-size":"auto","background-attachment":"scroll","background-type":"","background-media":"","overlay-type":"","overlay-color":"","overlay-opacity":"","overlay-gradient":""},"mobile":{"background-color":"var(--ast-global-color-5)","background-image":"","background-repeat":"repeat","background-position":"center center","background-size":"auto","background-attachment":"scroll","background-type":"","background-media":"","overlay-type":"","overlay-color":"","overlay-opacity":"","overlay-gradient":""}},"footnotes":""},"class_list":["post-339","page","type-page","status-publish","hentry"],"jetpack_sharing_enabled":true,"_links":{"self":[{"href":"https:\/\/sophiewagnerauteure.com\/index.php\/wp-json\/wp\/v2\/pages\/339","targetHints":{"allow":["GET"]}}],"collection":[{"href":"https:\/\/sophiewagnerauteure.com\/index.php\/wp-json\/wp\/v2\/pages"}],"about":[{"href":"https:\/\/sophiewagnerauteure.com\/index.php\/wp-json\/wp\/v2\/types\/page"}],"author":[{"embeddable":true,"href":"https:\/\/sophiewagnerauteure.com\/index.php\/wp-json\/wp\/v2\/users\/1"}],"replies":[{"embeddable":true,"href":"https:\/\/sophiewagnerauteure.com\/index.php\/wp-json\/wp\/v2\/comments?post=339"}],"version-history":[{"count":2,"href":"https:\/\/sophiewagnerauteure.com\/index.php\/wp-json\/wp\/v2\/pages\/339\/revisions"}],"predecessor-version":[{"id":359,"href":"https:\/\/sophiewagnerauteure.com\/index.php\/wp-json\/wp\/v2\/pages\/339\/revisions\/359"}],"wp:attachment":[{"href":"https:\/\/sophiewagnerauteure.com\/index.php\/wp-json\/wp\/v2\/media?parent=339"}],"curies":[{"name":"wp","href":"https:\/\/api.w.org\/{rel}","templated":true}]}}