{"id":583,"date":"2025-04-04T15:25:10","date_gmt":"2025-04-04T13:25:10","guid":{"rendered":"https:\/\/sophiewagnerauteure.com\/?post_type=product&#038;p=583"},"modified":"2025-05-21T08:45:33","modified_gmt":"2025-05-21T06:45:33","slug":"precommandes-meethycall-ragnarok","status":"publish","type":"product","link":"https:\/\/sophiewagnerauteure.com\/index.php\/produit\/precommandes-meethycall-ragnarok\/","title":{"rendered":"Meethycall : Ragnar\u00f6k"},"content":{"rendered":"<p>Un exemplaire d\u00e9dicac\u00e9 de Meethycall : Ragnar\u00f6k , au format broch\u00e9 ou reli\u00e9 <em>illustr\u00e9<\/em>, avec le marque-page associ\u00e9.<\/p>\n","protected":false},"excerpt":{"rendered":"<p><strong>Un exemplaire d\u00e9dicac\u00e9 de Meethycall : Ragnar\u00f6k , au format broch\u00e9 ou reli\u00e9 <em>illustr\u00e9<\/em>, avec le marque-page associ\u00e9.<\/strong><\/p>\n<p style=\"text-align: center;\">R\u00e9sum\u00e9 :<\/p>\n<p style=\"text-align: center;\">A Sunny d\u2019Hell, Ach\u00e9sia et Trop\u00e9ise sont deux demi-parques, gardiennes du destin. Tandis que Trop\u00e9ise, c\u00e9libataire endurcie, gal\u00e8re \u00e0 g\u00e9rer son bar et ses habitu\u00e9s d\u00e9pressifs, Ach\u00e9sia, m\u00e9decin sp\u00e9cialis\u00e9e dans les cr\u00e9atures surnaturelles, s\u2019\u00e9puise \u00e0 mener de front son travail et sa vie de famille.<br \/>\nQuand un viking t\u00e9n\u00e9breux s\u2019invite dans leurs vies avec des nouvelles apocalyptiques concernant le Ragnar\u00f6k, ou la fin de l\u2019amour sur terre, les deux s\u0153urs se mettent en action. Probl\u00e8me : leur troisi\u00e8me s\u0153ur n&rsquo;\u00e9tant jamais n\u00e9e, elles ne peuvent rien initier.<br \/>\nPour enrayer la catastrophe, elles lancent donc Meethycall, une application de rencontre d\u00e9di\u00e9e aux surnaturels. Mais entre rencards foireux entre vampires et faes, crises magiques existentielles, divinit\u00e9s \u00e0 probl\u00e8mes, et fac\u00e9ties de leurs proches, les deux s\u0153urs sont vite d\u00e9pass\u00e9es !<\/p>\n<div class=\"a-expander-header a-expander-partial-collapse-header\"><\/div>\n","protected":false},"featured_media":568,"comment_status":"open","ping_status":"closed","template":"","meta":{"site-sidebar-layout":"default","site-content-layout":"","ast-site-content-layout":"default","site-content-style":"default","site-sidebar-style":"default","ast-global-header-display":"","ast-banner-title-visibility":"","ast-main-header-display":"","ast-hfb-above-header-display":"","ast-hfb-below-header-display":"","ast-hfb-mobile-header-display":"","site-post-title":"","ast-breadcrumbs-content":"","ast-featured-img":"","footer-sml-layout":"","theme-transparent-header-meta":"default","adv-header-id-meta":"","stick-header-meta":"","header-above-stick-meta":"","header-main-stick-meta":"","header-below-stick-meta":"","astra-migrate-meta-layouts":"set","ast-page-background-enabled":"default","ast-page-background-meta":{"desktop":{"background-color":"var(--ast-global-color-4)","background-image":"","background-repeat":"repeat","background-position":"center center","background-size":"auto","background-attachment":"scroll","background-type":"","background-media":"","overlay-type":"","overlay-color":"","overlay-opacity":"","overlay-gradient":""},"tablet":{"background-color":"","background-image":"","background-repeat":"repeat","background-position":"center center","background-size":"auto","background-attachment":"scroll","background-type":"","background-media":"","overlay-type":"","overlay-color":"","overlay-opacity":"","overlay-gradient":""},"mobile":{"background-color":"","background-image":"","background-repeat":"repeat","background-position":"center center","background-size":"auto","background-attachment":"scroll","background-type":"","background-media":"","overlay-type":"","overlay-color":"","overlay-opacity":"","overlay-gradient":""}},"ast-content-background-meta":{"desktop":{"background-color":"var(--ast-global-color-5)","background-image":"","background-repeat":"repeat","background-position":"center center","background-size":"auto","background-attachment":"scroll","background-type":"","background-media":"","overlay-type":"","overlay-color":"","overlay-opacity":"","overlay-gradient":""},"tablet":{"background-color":"var(--ast-global-color-5)","background-image":"","background-repeat":"repeat","background-position":"center center","background-size":"auto","background-attachment":"scroll","background-type":"","background-media":"","overlay-type":"","overlay-color":"","overlay-opacity":"","overlay-gradient":""},"mobile":{"background-color":"var(--ast-global-color-5)","background-image":"","background-repeat":"repeat","background-position":"center center","background-size":"auto","background-attachment":"scroll","background-type":"","background-media":"","overlay-type":"","overlay-color":"","overlay-opacity":"","overlay-gradient":""}}},"product_brand":[],"product_cat":[42],"product_tag":[44],"class_list":{"0":"post-583","1":"product","2":"type-product","3":"status-publish","4":"has-post-thumbnail","6":"product_cat-urban-fantasy","7":"product_tag-romance","8":"desktop-align-center","9":"tablet-align-left","10":"mobile-align-left","12":"first","13":"instock","14":"purchasable","15":"product-type-variable","16":"has-default-attributes"},"jetpack_sharing_enabled":true,"_links":{"self":[{"href":"https:\/\/sophiewagnerauteure.com\/index.php\/wp-json\/wp\/v2\/product\/583","targetHints":{"allow":["GET"]}}],"collection":[{"href":"https:\/\/sophiewagnerauteure.com\/index.php\/wp-json\/wp\/v2\/product"}],"about":[{"href":"https:\/\/sophiewagnerauteure.com\/index.php\/wp-json\/wp\/v2\/types\/product"}],"replies":[{"embeddable":true,"href":"https:\/\/sophiewagnerauteure.com\/index.php\/wp-json\/wp\/v2\/comments?post=583"}],"wp:featuredmedia":[{"embeddable":true,"href":"https:\/\/sophiewagnerauteure.com\/index.php\/wp-json\/wp\/v2\/media\/568"}],"wp:attachment":[{"href":"https:\/\/sophiewagnerauteure.com\/index.php\/wp-json\/wp\/v2\/media?parent=583"}],"wp:term":[{"taxonomy":"product_brand","embeddable":true,"href":"https:\/\/sophiewagnerauteure.com\/index.php\/wp-json\/wp\/v2\/product_brand?post=583"},{"taxonomy":"product_cat","embeddable":true,"href":"https:\/\/sophiewagnerauteure.com\/index.php\/wp-json\/wp\/v2\/product_cat?post=583"},{"taxonomy":"product_tag","embeddable":true,"href":"https:\/\/sophiewagnerauteure.com\/index.php\/wp-json\/wp\/v2\/product_tag?post=583"}],"curies":[{"name":"wp","href":"https:\/\/api.w.org\/{rel}","templated":true}]}}