{"id":771,"date":"2025-07-08T15:42:54","date_gmt":"2025-07-08T13:42:54","guid":{"rendered":"https:\/\/sophiewagnerauteure.com\/?post_type=product&#038;p=771"},"modified":"2025-09-08T19:43:28","modified_gmt":"2025-09-08T17:43:28","slug":"de-cendres-et-de-roses-arhylia-tome-3-precommandes","status":"publish","type":"product","link":"https:\/\/sophiewagnerauteure.com\/index.php\/produit\/de-cendres-et-de-roses-arhylia-tome-3-precommandes\/","title":{"rendered":"De Cendres et de Roses (Arhylia : Tome 3) [Pr\u00e9commandes]"},"content":{"rendered":"<p>Un exemplaire d\u00e9dicac\u00e9 de De Cendres et de Roses, au format broch\u00e9 ou reli\u00e9, avec le marque-page associ\u00e9. [Pr\u00e9commandes]<\/p>\n","protected":false},"excerpt":{"rendered":"<p><strong>Un exemplaire d\u00e9dicac\u00e9 de De Cendres et de Roses, au format broch\u00e9 ou reli\u00e9, avec le marque-page associ\u00e9.[Pr\u00e9commandes]<\/strong><\/p>\n<p style=\"text-align: center;\">R\u00e9sum\u00e9 :<\/p>\n<p style=\"text-align: center;\">Les dieux sont \u00e9veill\u00e9s et la guerre s\u2019est abattue sur Aramite.\u00a0<span class=\"a-text-bold\">Oryn\u00a0<\/span>et son arm\u00e9e viennent de l\u2019ouest,\u00a0<span class=\"a-text-bold\">Yronlde Rochenuit<\/span>\u00a0et ses cr\u00e9atures de l\u2019est. Pouss\u00e9s par le Dieu Maudit qu\u2019ils ont \u00e9veill\u00e9, ils convergent vers Nocta, o\u00f9 va se jouer le sort du continent tout entier.<\/p>\n<p style=\"text-align: center;\"><span class=\"a-text-bold\">Arhylia<\/span>,\u00a0<span class=\"a-text-bold\">Rhienn\u00a0<\/span>et les autres n\u2019ont plus une seconde \u00e0 perdre. Entre r\u00e9v\u00e9lations, trahisons, infiltration de l\u2019arm\u00e9e ennemie, destruction des tours et d\u00e9fense de la capitale d\u2019Astrunia, le temps leur est compt\u00e9 s\u2019ils esp\u00e8rent sauver leur monde.<\/p>\n<p style=\"text-align: center;\">Mais face \u00e0 un ennemi bien d\u00e9cid\u00e9 \u00e0 tout r\u00e9duire en cendres, que peuvent-ils faire ?<\/p>\n<p style=\"text-align: center;\">Pour survivre et retrouver enfin son peuple qu\u2019elle ch\u00e9rit tant,\u00a0<span class=\"a-text-bold\">Arhylia\u00a0<\/span>va devoir se r\u00e9soudre \u00e0 l\u2019impensable.<\/p>\n<p style=\"text-align: center;\"><span class=\"a-text-italic\">Ce roman est destin\u00e9 \u00e0 un public jeune adulte\/adulte averti.<\/span><\/p>\n<p style=\"text-align: center;\"><strong>D\u00e9couvrez Arhylia, une trilogie de Fantasy avec romance :<\/strong><br \/>\nTome 1 : De Marbre et de Ronces<br \/>\nTome 2 : De Pierres et de Lierre<br \/>\nTome 3 : De Cendres et de Roses (sortie pr\u00e9vue le 12.09.2025)<\/p>\n","protected":false},"featured_media":774,"comment_status":"open","ping_status":"closed","template":"","meta":{"site-sidebar-layout":"default","site-content-layout":"","ast-site-content-layout":"default","site-content-style":"default","site-sidebar-style":"default","ast-global-header-display":"","ast-banner-title-visibility":"","ast-main-header-display":"","ast-hfb-above-header-display":"","ast-hfb-below-header-display":"","ast-hfb-mobile-header-display":"","site-post-title":"","ast-breadcrumbs-content":"","ast-featured-img":"","footer-sml-layout":"","theme-transparent-header-meta":"default","adv-header-id-meta":"","stick-header-meta":"","header-above-stick-meta":"","header-main-stick-meta":"","header-below-stick-meta":"","astra-migrate-meta-layouts":"set","ast-page-background-enabled":"default","ast-page-background-meta":{"desktop":{"background-color":"var(--ast-global-color-4)","background-image":"","background-repeat":"repeat","background-position":"center center","background-size":"auto","background-attachment":"scroll","background-type":"","background-media":"","overlay-type":"","overlay-color":"","overlay-opacity":"","overlay-gradient":""},"tablet":{"background-color":"","background-image":"","background-repeat":"repeat","background-position":"center center","background-size":"auto","background-attachment":"scroll","background-type":"","background-media":"","overlay-type":"","overlay-color":"","overlay-opacity":"","overlay-gradient":""},"mobile":{"background-color":"","background-image":"","background-repeat":"repeat","background-position":"center center","background-size":"auto","background-attachment":"scroll","background-type":"","background-media":"","overlay-type":"","overlay-color":"","overlay-opacity":"","overlay-gradient":""}},"ast-content-background-meta":{"desktop":{"background-color":"var(--ast-global-color-5)","background-image":"","background-repeat":"repeat","background-position":"center center","background-size":"auto","background-attachment":"scroll","background-type":"","background-media":"","overlay-type":"","overlay-color":"","overlay-opacity":"","overlay-gradient":""},"tablet":{"background-color":"var(--ast-global-color-5)","background-image":"","background-repeat":"repeat","background-position":"center center","background-size":"auto","background-attachment":"scroll","background-type":"","background-media":"","overlay-type":"","overlay-color":"","overlay-opacity":"","overlay-gradient":""},"mobile":{"background-color":"var(--ast-global-color-5)","background-image":"","background-repeat":"repeat","background-position":"center center","background-size":"auto","background-attachment":"scroll","background-type":"","background-media":"","overlay-type":"","overlay-color":"","overlay-opacity":"","overlay-gradient":""}}},"product_brand":[],"product_cat":[38,46],"product_tag":[47,22,48],"class_list":{"0":"post-771","1":"product","2":"type-product","3":"status-publish","4":"has-post-thumbnail","6":"product_cat-arhylia","7":"product_cat-fantasy","8":"product_tag-fae","9":"product_tag-fantasy","10":"product_tag-saga","11":"desktop-align-center","12":"tablet-align-left","13":"mobile-align-left","15":"first","16":"instock","17":"purchasable","18":"product-type-variable","19":"has-default-attributes"},"jetpack_sharing_enabled":true,"_links":{"self":[{"href":"https:\/\/sophiewagnerauteure.com\/index.php\/wp-json\/wp\/v2\/product\/771","targetHints":{"allow":["GET"]}}],"collection":[{"href":"https:\/\/sophiewagnerauteure.com\/index.php\/wp-json\/wp\/v2\/product"}],"about":[{"href":"https:\/\/sophiewagnerauteure.com\/index.php\/wp-json\/wp\/v2\/types\/product"}],"replies":[{"embeddable":true,"href":"https:\/\/sophiewagnerauteure.com\/index.php\/wp-json\/wp\/v2\/comments?post=771"}],"wp:featuredmedia":[{"embeddable":true,"href":"https:\/\/sophiewagnerauteure.com\/index.php\/wp-json\/wp\/v2\/media\/774"}],"wp:attachment":[{"href":"https:\/\/sophiewagnerauteure.com\/index.php\/wp-json\/wp\/v2\/media?parent=771"}],"wp:term":[{"taxonomy":"product_brand","embeddable":true,"href":"https:\/\/sophiewagnerauteure.com\/index.php\/wp-json\/wp\/v2\/product_brand?post=771"},{"taxonomy":"product_cat","embeddable":true,"href":"https:\/\/sophiewagnerauteure.com\/index.php\/wp-json\/wp\/v2\/product_cat?post=771"},{"taxonomy":"product_tag","embeddable":true,"href":"https:\/\/sophiewagnerauteure.com\/index.php\/wp-json\/wp\/v2\/product_tag?post=771"}],"curies":[{"name":"wp","href":"https:\/\/api.w.org\/{rel}","templated":true}]}}